{"id":21,"date":"2024-11-11T14:40:53","date_gmt":"2024-11-11T13:40:53","guid":{"rendered":"https:\/\/cubasmafe.com\/?page_id=21"},"modified":"2024-11-11T14:40:53","modified_gmt":"2024-11-11T13:40:53","slug":"declaracion-de-accesibilidad","status":"publish","type":"page","link":"https:\/\/cubasmafe.com\/cat\/declaracio-daccessibilitat\/","title":{"rendered":"Declaraci\u00f3 d&#039;accessibilitat"},"content":{"rendered":"<p>Aquesta \u00e9s una declaraci\u00f3 d&#039;accessibilitat de CUBAS MAFE:<\/p>\n\n\n\n<div class=\"wp-block-uagb-advanced-heading uagb-block-cc806d3f\"><h2 class=\"uagb-heading-text\">Estat de conformitat<\/h2><\/div>\n\n\n\n<p>Les Pautes d&#039;Accessibilitat per al Contingut Web (WCAG) defineixen els requisits perqu\u00e8 els dissenyadors i els desenvolupadors millorin l&#039;accessibilitat per a les persones amb discapacitats. Defineix tres nivells de conformitat: Nivell A, Nivell AA i Nivell AAA. CUBES MAFE \u00e9s parcialment conforme amb WCAG 2.1 nivell AA. Parcialment conforme significa que algunes parts del contingut no s&#039;ajusten completament a l&#039;est\u00e0ndard d&#039;accessibilitat.<\/p>","protected":false},"excerpt":{"rendered":"<p>\u00c9sta es una declaraci\u00f3n de accesibilidad de CUBAS MAFE: Estado de conformidad Las Pautas de Accesibilidad para el Contenido Web (WCAG) definen los requisitos para que los dise\u00f1adores y desarrolladores mejoren la accesibilidad para las personas con discapacidades. Define tres niveles de conformidad: Nivel A, Nivel AA y Nivel AAA. CUBAS MAFE es parcialmente conforme [&hellip;]<\/p>","protected":false},"author":1,"featured_media":0,"parent":0,"menu_order":0,"comment_status":"closed","ping_status":"closed","template":"","meta":{"_uag_custom_page_level_css":"","site-sidebar-layout":"default","site-content-layout":"","ast-site-content-layout":"default","site-content-style":"default","site-sidebar-style":"default","ast-global-header-display":"","ast-banner-title-visibility":"","ast-main-header-display":"","ast-hfb-above-header-display":"","ast-hfb-below-header-display":"","ast-hfb-mobile-header-display":"","site-post-title":"","ast-breadcrumbs-content":"","ast-featured-img":"","footer-sml-layout":"","ast-disable-related-posts":"","theme-transparent-header-meta":"","adv-header-id-meta":"","stick-header-meta":"","header-above-stick-meta":"","header-main-stick-meta":"","header-below-stick-meta":"","astra-migrate-meta-layouts":"default","ast-page-background-enabled":"default","ast-page-background-meta":{"desktop":{"background-color":"var(--ast-global-color-4)","background-image":"","background-repeat":"repeat","background-position":"center center","background-size":"auto","background-attachment":"scroll","background-type":"","background-media":"","overlay-type":"","overlay-color":"","overlay-opacity":"","overlay-gradient":""},"tablet":{"background-color":"","background-image":"","background-repeat":"repeat","background-position":"center center","background-size":"auto","background-attachment":"scroll","background-type":"","background-media":"","overlay-type":"","overlay-color":"","overlay-opacity":"","overlay-gradient":""},"mobile":{"background-color":"","background-image":"","background-repeat":"repeat","background-position":"center center","background-size":"auto","background-attachment":"scroll","background-type":"","background-media":"","overlay-type":"","overlay-color":"","overlay-opacity":"","overlay-gradient":""}},"ast-content-background-meta":{"desktop":{"background-color":"var(--ast-global-color-5)","background-image":"","background-repeat":"repeat","background-position":"center center","background-size":"auto","background-attachment":"scroll","background-type":"","background-media":"","overlay-type":"","overlay-color":"","overlay-opacity":"","overlay-gradient":""},"tablet":{"background-color":"var(--ast-global-color-5)","background-image":"","background-repeat":"repeat","background-position":"center center","background-size":"auto","background-attachment":"scroll","background-type":"","background-media":"","overlay-type":"","overlay-color":"","overlay-opacity":"","overlay-gradient":""},"mobile":{"background-color":"var(--ast-global-color-5)","background-image":"","background-repeat":"repeat","background-position":"center center","background-size":"auto","background-attachment":"scroll","background-type":"","background-media":"","overlay-type":"","overlay-color":"","overlay-opacity":"","overlay-gradient":""}},"footnotes":""},"class_list":["post-21","page","type-page","status-publish","hentry"],"yoast_head":"<!-- This site is optimized with the Yoast SEO plugin v27.2 - https:\/\/yoast.com\/product\/yoast-seo-wordpress\/ -->\n<title>Declaraci\u00f3n de accesibilidad - Cubas MAFE<\/title>\n<meta name=\"robots\" content=\"index, follow, max-snippet:-1, max-image-preview:large, max-video-preview:-1\" \/>\n<link rel=\"canonical\" href=\"https:\/\/cubasmafe.com\/cat\/declaracio-daccessibilitat\/\" \/>\n<meta property=\"og:locale\" content=\"ca_ES\" \/>\n<meta property=\"og:type\" content=\"article\" \/>\n<meta property=\"og:title\" content=\"Declaraci\u00f3n de accesibilidad - Cubas MAFE\" \/>\n<meta property=\"og:description\" content=\"\u00c9sta es una declaraci\u00f3n de accesibilidad de CUBAS MAFE: Estado de conformidad Las Pautas de Accesibilidad para el Contenido Web (WCAG) definen los requisitos para que los dise\u00f1adores y desarrolladores mejoren la accesibilidad para las personas con discapacidades. Define tres niveles de conformidad: Nivel A, Nivel AA y Nivel AAA. CUBAS MAFE es parcialmente conforme [&hellip;]\" \/>\n<meta property=\"og:url\" content=\"https:\/\/cubasmafe.com\/cat\/declaracio-daccessibilitat\/\" \/>\n<meta property=\"og:site_name\" content=\"Cubas MAFE\" \/>\n<meta name=\"twitter:card\" content=\"summary_large_image\" \/>\n<script type=\"application\/ld+json\" class=\"yoast-schema-graph\">{\"@context\":\"https:\/\/schema.org\",\"@graph\":[{\"@type\":\"WebPage\",\"@id\":\"https:\/\/cubasmafe.com\/declaracion-de-accesibilidad\/\",\"url\":\"https:\/\/cubasmafe.com\/declaracion-de-accesibilidad\/\",\"name\":\"Declaraci\u00f3n de accesibilidad - Cubas MAFE\",\"isPartOf\":{\"@id\":\"https:\/\/cubasmafe.com\/#website\"},\"datePublished\":\"2024-11-11T13:40:53+00:00\",\"breadcrumb\":{\"@id\":\"https:\/\/cubasmafe.com\/declaracion-de-accesibilidad\/#breadcrumb\"},\"inLanguage\":\"ca\",\"potentialAction\":[{\"@type\":\"ReadAction\",\"target\":[\"https:\/\/cubasmafe.com\/declaracion-de-accesibilidad\/\"]}]},{\"@type\":\"BreadcrumbList\",\"@id\":\"https:\/\/cubasmafe.com\/declaracion-de-accesibilidad\/#breadcrumb\",\"itemListElement\":[{\"@type\":\"ListItem\",\"position\":1,\"name\":\"Portada\",\"item\":\"https:\/\/cubasmafe.com\/\"},{\"@type\":\"ListItem\",\"position\":2,\"name\":\"Declaraci\u00f3n de accesibilidad\"}]},{\"@type\":\"WebSite\",\"@id\":\"https:\/\/cubasmafe.com\/#website\",\"url\":\"https:\/\/cubasmafe.com\/\",\"name\":\"Cubas MAFE desatascos en Matar\u00f3\",\"description\":\"Desatascos en Matar\u00f3 | Mantenimientos | Inspecci\u00f3n tuber\u00edas\",\"publisher\":{\"@id\":\"https:\/\/cubasmafe.com\/#organization\"},\"potentialAction\":[{\"@type\":\"SearchAction\",\"target\":{\"@type\":\"EntryPoint\",\"urlTemplate\":\"https:\/\/cubasmafe.com\/?s={search_term_string}\"},\"query-input\":{\"@type\":\"PropertyValueSpecification\",\"valueRequired\":true,\"valueName\":\"search_term_string\"}}],\"inLanguage\":\"ca\"},{\"@type\":\"Organization\",\"@id\":\"https:\/\/cubasmafe.com\/#organization\",\"name\":\"Cubas MAFE\",\"url\":\"https:\/\/cubasmafe.com\/\",\"logo\":{\"@type\":\"ImageObject\",\"inLanguage\":\"ca\",\"@id\":\"https:\/\/cubasmafe.com\/#\/schema\/logo\/image\/\",\"url\":\"https:\/\/cubasmafe.com\/wp-content\/uploads\/2024\/11\/Cubas-Mafe-Logo.png\",\"contentUrl\":\"https:\/\/cubasmafe.com\/wp-content\/uploads\/2024\/11\/Cubas-Mafe-Logo.png\",\"width\":820,\"height\":500,\"caption\":\"Cubas MAFE\"},\"image\":{\"@id\":\"https:\/\/cubasmafe.com\/#\/schema\/logo\/image\/\"}}]}<\/script>\n<!-- \/ Yoast SEO plugin. -->","yoast_head_json":{"title":"Declaraci\u00f3n de accesibilidad - Cubas MAFE","robots":{"index":"index","follow":"follow","max-snippet":"max-snippet:-1","max-image-preview":"max-image-preview:large","max-video-preview":"max-video-preview:-1"},"canonical":"https:\/\/cubasmafe.com\/cat\/declaracio-daccessibilitat\/","og_locale":"ca_ES","og_type":"article","og_title":"Declaraci\u00f3n de accesibilidad - Cubas MAFE","og_description":"\u00c9sta es una declaraci\u00f3n de accesibilidad de CUBAS MAFE: Estado de conformidad Las Pautas de Accesibilidad para el Contenido Web (WCAG) definen los requisitos para que los dise\u00f1adores y desarrolladores mejoren la accesibilidad para las personas con discapacidades. Define tres niveles de conformidad: Nivel A, Nivel AA y Nivel AAA. CUBAS MAFE es parcialmente conforme [&hellip;]","og_url":"https:\/\/cubasmafe.com\/cat\/declaracio-daccessibilitat\/","og_site_name":"Cubas MAFE","twitter_card":"summary_large_image","schema":{"@context":"https:\/\/schema.org","@graph":[{"@type":"WebPage","@id":"https:\/\/cubasmafe.com\/declaracion-de-accesibilidad\/","url":"https:\/\/cubasmafe.com\/declaracion-de-accesibilidad\/","name":"Declaraci\u00f3n de accesibilidad - Cubas MAFE","isPartOf":{"@id":"https:\/\/cubasmafe.com\/#website"},"datePublished":"2024-11-11T13:40:53+00:00","breadcrumb":{"@id":"https:\/\/cubasmafe.com\/declaracion-de-accesibilidad\/#breadcrumb"},"inLanguage":"ca","potentialAction":[{"@type":"ReadAction","target":["https:\/\/cubasmafe.com\/declaracion-de-accesibilidad\/"]}]},{"@type":"BreadcrumbList","@id":"https:\/\/cubasmafe.com\/declaracion-de-accesibilidad\/#breadcrumb","itemListElement":[{"@type":"ListItem","position":1,"name":"Portada","item":"https:\/\/cubasmafe.com\/"},{"@type":"ListItem","position":2,"name":"Declaraci\u00f3n de accesibilidad"}]},{"@type":"WebSite","@id":"https:\/\/cubasmafe.com\/#website","url":"https:\/\/cubasmafe.com\/","name":"Cubas MAFE desatascos en Matar\u00f3","description":"Desatascos en Matar\u00f3 | Mantenimientos | Inspecci\u00f3n tuber\u00edas","publisher":{"@id":"https:\/\/cubasmafe.com\/#organization"},"potentialAction":[{"@type":"SearchAction","target":{"@type":"EntryPoint","urlTemplate":"https:\/\/cubasmafe.com\/?s={search_term_string}"},"query-input":{"@type":"PropertyValueSpecification","valueRequired":true,"valueName":"search_term_string"}}],"inLanguage":"ca"},{"@type":"Organization","@id":"https:\/\/cubasmafe.com\/#organization","name":"Cubas MAFE","url":"https:\/\/cubasmafe.com\/","logo":{"@type":"ImageObject","inLanguage":"ca","@id":"https:\/\/cubasmafe.com\/#\/schema\/logo\/image\/","url":"https:\/\/cubasmafe.com\/wp-content\/uploads\/2024\/11\/Cubas-Mafe-Logo.png","contentUrl":"https:\/\/cubasmafe.com\/wp-content\/uploads\/2024\/11\/Cubas-Mafe-Logo.png","width":820,"height":500,"caption":"Cubas MAFE"},"image":{"@id":"https:\/\/cubasmafe.com\/#\/schema\/logo\/image\/"}}]}},"uagb_featured_image_src":{"full":false,"thumbnail":false,"medium":false,"medium_large":false,"large":false,"1536x1536":false,"2048x2048":false,"trp-custom-language-flag":false},"uagb_author_info":{"display_name":"domingo","author_link":"https:\/\/cubasmafe.com\/cat\/author\/domingo\/"},"uagb_comment_info":0,"uagb_excerpt":"\u00c9sta es una declaraci\u00f3n de accesibilidad de CUBAS MAFE: Estado de conformidad Las Pautas de Accesibilidad para el Contenido Web (WCAG) definen los requisitos para que los dise\u00f1adores y desarrolladores mejoren la accesibilidad para las personas con discapacidades. Define tres niveles de conformidad: Nivel A, Nivel AA y Nivel AAA. CUBAS MAFE es parcialmente conforme&hellip;","_links":{"self":[{"href":"https:\/\/cubasmafe.com\/cat\/wp-json\/wp\/v2\/pages\/21","targetHints":{"allow":["GET"]}}],"collection":[{"href":"https:\/\/cubasmafe.com\/cat\/wp-json\/wp\/v2\/pages"}],"about":[{"href":"https:\/\/cubasmafe.com\/cat\/wp-json\/wp\/v2\/types\/page"}],"author":[{"embeddable":true,"href":"https:\/\/cubasmafe.com\/cat\/wp-json\/wp\/v2\/users\/1"}],"replies":[{"embeddable":true,"href":"https:\/\/cubasmafe.com\/cat\/wp-json\/wp\/v2\/comments?post=21"}],"version-history":[{"count":1,"href":"https:\/\/cubasmafe.com\/cat\/wp-json\/wp\/v2\/pages\/21\/revisions"}],"predecessor-version":[{"id":23,"href":"https:\/\/cubasmafe.com\/cat\/wp-json\/wp\/v2\/pages\/21\/revisions\/23"}],"wp:attachment":[{"href":"https:\/\/cubasmafe.com\/cat\/wp-json\/wp\/v2\/media?parent=21"}],"curies":[{"name":"wp","href":"https:\/\/api.w.org\/{rel}","templated":true}]}}