{"id":3,"date":"2024-11-11T14:04:44","date_gmt":"2024-11-11T13:04:44","guid":{"rendered":"https:\/\/cubasmafe.com\/?page_id=3"},"modified":"2024-11-11T14:41:53","modified_gmt":"2024-11-11T13:41:53","slug":"politica-privacidad","status":"publish","type":"page","link":"https:\/\/cubasmafe.com\/cat\/politica-privadesa\/","title":{"rendered":"Pol\u00edtica de privadesa"},"content":{"rendered":"<h2 class=\"wp-block-heading\">Qui som<\/h2>\n\n\n\n<p>L&#039;adre\u00e7a del nostre web \u00e9s: https:\/\/cubasmafe.com.<\/p>\n\n\n\n<h2 class=\"wp-block-heading\">Comentaris<\/h2>\n\n\n\n<p>Quan els visitants deixen comentaris a la web, recopilem les dades que es mostren al formulari de comentaris, aix\u00ed com l&#039;adre\u00e7a IP del visitant i la cadena d&#039;agents d&#039;usuari del navegador per ajudar a la detecci\u00f3 d&#039;spam.<\/p>\n\n\n\n<p>Una cadena an\u00f2nima creada a partir de la teva adre\u00e7a de correu electr\u00f2nic (tamb\u00e9 anomenada hash) pot ser proporcionada al servei de Gravatar per veure si l&#039;est\u00e0s usant. La pol\u00edtica de privadesa del servei Gravatar est\u00e0 disponible aqu\u00ed: https:\/\/automattic.com\/privacy\/. Despr\u00e9s de l&#039;aprovaci\u00f3 del vostre comentari, la imatge del vostre perfil \u00e9s visible per al p\u00fablic en el context del vostre comentari.<\/p>\n\n\n\n<h2 class=\"wp-block-heading\">Mitjans<\/h2>\n\n\n\n<p>Si puges imatges a la web, hauries d&#039;evitar pujar imatges amb dades d&#039;ubicaci\u00f3 (GPS EXIF) incloses. Els visitants de la web poden descarregar i extreure qualsevol dada dubicaci\u00f3 de les imatges de la web.<\/p>\n\n\n\n<h2 class=\"wp-block-heading\">Cookies<\/h2>\n\n\n\n<p>Si deixes un comentari al nostre lloc pots triar desar el teu nom, adre\u00e7a de correu electr\u00f2nic i web a cookies. Aix\u00f2 \u00e9s per a la teva comoditat, perqu\u00e8 no hagis de tornar a emplenar les dades quan deixis un altre comentari. Aquestes galetes tindran una durada d&#039;un any.<\/p>\n\n\n\n<p>Si tens un compte i et connectes a aquest lloc, instal\u00b7larem una galeta temporal per determinar si el teu navegador accepta galetes. Aquesta galeta no cont\u00e9 dades personals i s&#039;elimina en tancar el navegador.<\/p>\n\n\n\n<p>Quan hi accedeixis, tamb\u00e9 instal\u00b7larem diverses galetes per desar la teva informaci\u00f3 d&#039;acc\u00e9s i les teves opcions de visualitzaci\u00f3 de pantalla. Les galetes d&#039;acc\u00e9s duren dos dies i les galetes d&#039;opcions de pantalla duren un any. Si seleccioneu \u00abRecordar-me\u00bb, el vostre acc\u00e9s perdurar\u00e0 durant dues setmanes. Si surts del teu compte, les galetes d&#039;acc\u00e9s s&#039;eliminaran.<\/p>\n\n\n\n<p>Si edites o publiques un article es guardar\u00e0 una galeta addicional al teu navegador. Aquesta galeta no inclou dades personals i simplement indica l&#039;ID de l&#039;article que acabeu d&#039;editar. Caduca despr\u00e9s d&#039;un dia.<\/p>\n\n\n\n<h2 class=\"wp-block-heading\">Contingut incrustat d&#039;altres llocs web<\/h2>\n\n\n\n<p>Els articles d&#039;aquest lloc web poden incloure contingut incrustat (per exemple, v\u00eddeos, imatges, articles, etc.). El contingut incrustat d&#039;altres webs es comporta exactament de la mateixa manera que si el visitant hagu\u00e9s visitat l&#039;altra web.<\/p>\n\n\n\n<p>Aquestes webs poden recopilar dades sobre tu, utilitzar cookies, incrustar un seguiment addicional de tercers, i supervisar la teva interacci\u00f3 amb aquest contingut incrustat, incl\u00f2s el seguiment de la teva interacci\u00f3 amb el contingut incrustat si tens un compte i est\u00e0s connectat a aquest web.<\/p>\n\n\n\n<h2 class=\"wp-block-heading\">Amb qui compartim les teves dades<\/h2>\n\n\n\n<p>Si sol\u00b7liciteu un restabliment de contrasenya, la vostra adre\u00e7a IP s&#039;inclour\u00e0 al correu electr\u00f2nic de restabliment.<\/p>\n\n\n\n<h2 class=\"wp-block-heading\">Quant de temps conservem les teves dades<\/h2>\n\n\n\n<p>Si deixeu un comentari, el comentari i les seves metadades es conserven indefinidament. Aix\u00f2 \u00e9s perqu\u00e8 puguem recon\u00e8ixer i aprovar comentaris successius autom\u00e0ticament, en lloc de mantenir-los en una cua de moderaci\u00f3.<\/p>\n\n\n\n<p>Dels usuaris que es registren a la nostra web (si n&#039;hi ha), tamb\u00e9 emmagatzemem la informaci\u00f3 personal que proporcionen al vostre perfil d&#039;usuari. Tots els usuaris poden veure, editar o eliminar la vostra informaci\u00f3 personal en qualsevol moment (excepte que no poden canviar el vostre nom d&#039;usuari). Els administradors de la web tamb\u00e9 poden veure i editar aquesta informaci\u00f3.<\/p>\n\n\n\n<h2 class=\"wp-block-heading\">Quins drets tens sobre les teves dades<\/h2>\n\n\n\n<p>Si tens un compte o has deixat comentaris en aquesta web, pots sol\u00b7licitar rebre un fitxer d&#039;exportaci\u00f3 de les dades personals que tenim sobre tu, incloent-hi qualsevol dada que ens hagis proporcionat. Tamb\u00e9 pots sol\u00b7licitar que eliminem qualsevol dada personal que tinguem sobre tu. Aix\u00f2 no inclou cap dada que estiguem obligats a conservar amb fins administratius, legals o de seguretat.<\/p>\n\n\n\n<h2 class=\"wp-block-heading\">On s&#039;envien les teves dades<\/h2>\n\n\n\n<p>Els comentaris dels visitants poden ser revisats per un servei de detecci\u00f3 autom\u00e0tica d&#039;spam.<\/p>","protected":false},"excerpt":{"rendered":"<p>Qui\u00e9nes somos La direcci\u00f3n de nuestra web es: https:\/\/cubasmafe.com. Comentarios Cuando los visitantes dejan comentarios en la web, recopilamos los datos que se muestran en el formulario de comentarios, as\u00ed como la direcci\u00f3n IP del visitante y la cadena de agentes de usuario del navegador para ayudar a la detecci\u00f3n de spam. Una cadena an\u00f3nima [&hellip;]<\/p>","protected":false},"author":1,"featured_media":0,"parent":0,"menu_order":0,"comment_status":"closed","ping_status":"open","template":"","meta":{"_uag_custom_page_level_css":"","site-sidebar-layout":"default","site-content-layout":"","ast-site-content-layout":"default","site-content-style":"default","site-sidebar-style":"default","ast-global-header-display":"","ast-banner-title-visibility":"","ast-main-header-display":"","ast-hfb-above-header-display":"","ast-hfb-below-header-display":"","ast-hfb-mobile-header-display":"","site-post-title":"","ast-breadcrumbs-content":"","ast-featured-img":"","footer-sml-layout":"","ast-disable-related-posts":"","theme-transparent-header-meta":"","adv-header-id-meta":"","stick-header-meta":"","header-above-stick-meta":"","header-main-stick-meta":"","header-below-stick-meta":"","astra-migrate-meta-layouts":"default","ast-page-background-enabled":"default","ast-page-background-meta":{"desktop":{"background-color":"var(--ast-global-color-4)","background-image":"","background-repeat":"repeat","background-position":"center center","background-size":"auto","background-attachment":"scroll","background-type":"","background-media":"","overlay-type":"","overlay-color":"","overlay-opacity":"","overlay-gradient":""},"tablet":{"background-color":"","background-image":"","background-repeat":"repeat","background-position":"center center","background-size":"auto","background-attachment":"scroll","background-type":"","background-media":"","overlay-type":"","overlay-color":"","overlay-opacity":"","overlay-gradient":""},"mobile":{"background-color":"","background-image":"","background-repeat":"repeat","background-position":"center center","background-size":"auto","background-attachment":"scroll","background-type":"","background-media":"","overlay-type":"","overlay-color":"","overlay-opacity":"","overlay-gradient":""}},"ast-content-background-meta":{"desktop":{"background-color":"var(--ast-global-color-5)","background-image":"","background-repeat":"repeat","background-position":"center center","background-size":"auto","background-attachment":"scroll","background-type":"","background-media":"","overlay-type":"","overlay-color":"","overlay-opacity":"","overlay-gradient":""},"tablet":{"background-color":"var(--ast-global-color-5)","background-image":"","background-repeat":"repeat","background-position":"center center","background-size":"auto","background-attachment":"scroll","background-type":"","background-media":"","overlay-type":"","overlay-color":"","overlay-opacity":"","overlay-gradient":""},"mobile":{"background-color":"var(--ast-global-color-5)","background-image":"","background-repeat":"repeat","background-position":"center center","background-size":"auto","background-attachment":"scroll","background-type":"","background-media":"","overlay-type":"","overlay-color":"","overlay-opacity":"","overlay-gradient":""}},"footnotes":""},"class_list":["post-3","page","type-page","status-publish","hentry"],"yoast_head":"<!-- This site is optimized with the Yoast SEO plugin v27.2 - https:\/\/yoast.com\/product\/yoast-seo-wordpress\/ -->\n<title>Pol\u00edtica de privacidad - Cubas MAFE<\/title>\n<meta name=\"robots\" content=\"index, follow, max-snippet:-1, max-image-preview:large, max-video-preview:-1\" \/>\n<link rel=\"canonical\" href=\"https:\/\/cubasmafe.com\/cat\/politica-privadesa\/\" \/>\n<meta property=\"og:locale\" content=\"ca_ES\" \/>\n<meta property=\"og:type\" content=\"article\" \/>\n<meta property=\"og:title\" content=\"Pol\u00edtica de privacidad - Cubas MAFE\" \/>\n<meta property=\"og:description\" content=\"Qui\u00e9nes somos La direcci\u00f3n de nuestra web es: https:\/\/cubasmafe.com. Comentarios Cuando los visitantes dejan comentarios en la web, recopilamos los datos que se muestran en el formulario de comentarios, as\u00ed como la direcci\u00f3n IP del visitante y la cadena de agentes de usuario del navegador para ayudar a la detecci\u00f3n de spam. Una cadena an\u00f3nima [&hellip;]\" \/>\n<meta property=\"og:url\" content=\"https:\/\/cubasmafe.com\/cat\/politica-privadesa\/\" \/>\n<meta property=\"og:site_name\" content=\"Cubas MAFE\" \/>\n<meta property=\"article:modified_time\" content=\"2024-11-11T13:41:53+00:00\" \/>\n<meta name=\"twitter:card\" content=\"summary_large_image\" \/>\n<meta name=\"twitter:label1\" content=\"Temps estimat de lectura\" \/>\n\t<meta name=\"twitter:data1\" content=\"3 minuts\" \/>\n<script type=\"application\/ld+json\" class=\"yoast-schema-graph\">{\"@context\":\"https:\/\/schema.org\",\"@graph\":[{\"@type\":\"WebPage\",\"@id\":\"https:\/\/cubasmafe.com\/politica-privacidad\/\",\"url\":\"https:\/\/cubasmafe.com\/politica-privacidad\/\",\"name\":\"Pol\u00edtica de privacidad - Cubas MAFE\",\"isPartOf\":{\"@id\":\"https:\/\/cubasmafe.com\/#website\"},\"datePublished\":\"2024-11-11T13:04:44+00:00\",\"dateModified\":\"2024-11-11T13:41:53+00:00\",\"breadcrumb\":{\"@id\":\"https:\/\/cubasmafe.com\/politica-privacidad\/#breadcrumb\"},\"inLanguage\":\"ca\",\"potentialAction\":[{\"@type\":\"ReadAction\",\"target\":[\"https:\/\/cubasmafe.com\/politica-privacidad\/\"]}]},{\"@type\":\"BreadcrumbList\",\"@id\":\"https:\/\/cubasmafe.com\/politica-privacidad\/#breadcrumb\",\"itemListElement\":[{\"@type\":\"ListItem\",\"position\":1,\"name\":\"Portada\",\"item\":\"https:\/\/cubasmafe.com\/\"},{\"@type\":\"ListItem\",\"position\":2,\"name\":\"Pol\u00edtica de privacidad\"}]},{\"@type\":\"WebSite\",\"@id\":\"https:\/\/cubasmafe.com\/#website\",\"url\":\"https:\/\/cubasmafe.com\/\",\"name\":\"Cubas MAFE desatascos en Matar\u00f3\",\"description\":\"Desatascos en Matar\u00f3 | Mantenimientos | Inspecci\u00f3n tuber\u00edas\",\"publisher\":{\"@id\":\"https:\/\/cubasmafe.com\/#organization\"},\"potentialAction\":[{\"@type\":\"SearchAction\",\"target\":{\"@type\":\"EntryPoint\",\"urlTemplate\":\"https:\/\/cubasmafe.com\/?s={search_term_string}\"},\"query-input\":{\"@type\":\"PropertyValueSpecification\",\"valueRequired\":true,\"valueName\":\"search_term_string\"}}],\"inLanguage\":\"ca\"},{\"@type\":\"Organization\",\"@id\":\"https:\/\/cubasmafe.com\/#organization\",\"name\":\"Cubas MAFE\",\"url\":\"https:\/\/cubasmafe.com\/\",\"logo\":{\"@type\":\"ImageObject\",\"inLanguage\":\"ca\",\"@id\":\"https:\/\/cubasmafe.com\/#\/schema\/logo\/image\/\",\"url\":\"https:\/\/cubasmafe.com\/wp-content\/uploads\/2024\/11\/Cubas-Mafe-Logo.png\",\"contentUrl\":\"https:\/\/cubasmafe.com\/wp-content\/uploads\/2024\/11\/Cubas-Mafe-Logo.png\",\"width\":820,\"height\":500,\"caption\":\"Cubas MAFE\"},\"image\":{\"@id\":\"https:\/\/cubasmafe.com\/#\/schema\/logo\/image\/\"}}]}<\/script>\n<!-- \/ Yoast SEO plugin. -->","yoast_head_json":{"title":"Pol\u00edtica de privacidad - Cubas MAFE","robots":{"index":"index","follow":"follow","max-snippet":"max-snippet:-1","max-image-preview":"max-image-preview:large","max-video-preview":"max-video-preview:-1"},"canonical":"https:\/\/cubasmafe.com\/cat\/politica-privadesa\/","og_locale":"ca_ES","og_type":"article","og_title":"Pol\u00edtica de privacidad - Cubas MAFE","og_description":"Qui\u00e9nes somos La direcci\u00f3n de nuestra web es: https:\/\/cubasmafe.com. Comentarios Cuando los visitantes dejan comentarios en la web, recopilamos los datos que se muestran en el formulario de comentarios, as\u00ed como la direcci\u00f3n IP del visitante y la cadena de agentes de usuario del navegador para ayudar a la detecci\u00f3n de spam. Una cadena an\u00f3nima [&hellip;]","og_url":"https:\/\/cubasmafe.com\/cat\/politica-privadesa\/","og_site_name":"Cubas MAFE","article_modified_time":"2024-11-11T13:41:53+00:00","twitter_card":"summary_large_image","twitter_misc":{"Temps estimat de lectura":"3 minuts"},"schema":{"@context":"https:\/\/schema.org","@graph":[{"@type":"WebPage","@id":"https:\/\/cubasmafe.com\/politica-privacidad\/","url":"https:\/\/cubasmafe.com\/politica-privacidad\/","name":"Pol\u00edtica de privacidad - Cubas MAFE","isPartOf":{"@id":"https:\/\/cubasmafe.com\/#website"},"datePublished":"2024-11-11T13:04:44+00:00","dateModified":"2024-11-11T13:41:53+00:00","breadcrumb":{"@id":"https:\/\/cubasmafe.com\/politica-privacidad\/#breadcrumb"},"inLanguage":"ca","potentialAction":[{"@type":"ReadAction","target":["https:\/\/cubasmafe.com\/politica-privacidad\/"]}]},{"@type":"BreadcrumbList","@id":"https:\/\/cubasmafe.com\/politica-privacidad\/#breadcrumb","itemListElement":[{"@type":"ListItem","position":1,"name":"Portada","item":"https:\/\/cubasmafe.com\/"},{"@type":"ListItem","position":2,"name":"Pol\u00edtica de privacidad"}]},{"@type":"WebSite","@id":"https:\/\/cubasmafe.com\/#website","url":"https:\/\/cubasmafe.com\/","name":"Cubas MAFE desatascos en Matar\u00f3","description":"Desatascos en Matar\u00f3 | Mantenimientos | Inspecci\u00f3n tuber\u00edas","publisher":{"@id":"https:\/\/cubasmafe.com\/#organization"},"potentialAction":[{"@type":"SearchAction","target":{"@type":"EntryPoint","urlTemplate":"https:\/\/cubasmafe.com\/?s={search_term_string}"},"query-input":{"@type":"PropertyValueSpecification","valueRequired":true,"valueName":"search_term_string"}}],"inLanguage":"ca"},{"@type":"Organization","@id":"https:\/\/cubasmafe.com\/#organization","name":"Cubas MAFE","url":"https:\/\/cubasmafe.com\/","logo":{"@type":"ImageObject","inLanguage":"ca","@id":"https:\/\/cubasmafe.com\/#\/schema\/logo\/image\/","url":"https:\/\/cubasmafe.com\/wp-content\/uploads\/2024\/11\/Cubas-Mafe-Logo.png","contentUrl":"https:\/\/cubasmafe.com\/wp-content\/uploads\/2024\/11\/Cubas-Mafe-Logo.png","width":820,"height":500,"caption":"Cubas MAFE"},"image":{"@id":"https:\/\/cubasmafe.com\/#\/schema\/logo\/image\/"}}]}},"uagb_featured_image_src":{"full":false,"thumbnail":false,"medium":false,"medium_large":false,"large":false,"1536x1536":false,"2048x2048":false,"trp-custom-language-flag":false},"uagb_author_info":{"display_name":"domingo","author_link":"https:\/\/cubasmafe.com\/cat\/author\/domingo\/"},"uagb_comment_info":0,"uagb_excerpt":"Qui\u00e9nes somos La direcci\u00f3n de nuestra web es: https:\/\/cubasmafe.com. Comentarios Cuando los visitantes dejan comentarios en la web, recopilamos los datos que se muestran en el formulario de comentarios, as\u00ed como la direcci\u00f3n IP del visitante y la cadena de agentes de usuario del navegador para ayudar a la detecci\u00f3n de spam. Una cadena an\u00f3nima&hellip;","_links":{"self":[{"href":"https:\/\/cubasmafe.com\/cat\/wp-json\/wp\/v2\/pages\/3","targetHints":{"allow":["GET"]}}],"collection":[{"href":"https:\/\/cubasmafe.com\/cat\/wp-json\/wp\/v2\/pages"}],"about":[{"href":"https:\/\/cubasmafe.com\/cat\/wp-json\/wp\/v2\/types\/page"}],"author":[{"embeddable":true,"href":"https:\/\/cubasmafe.com\/cat\/wp-json\/wp\/v2\/users\/1"}],"replies":[{"embeddable":true,"href":"https:\/\/cubasmafe.com\/cat\/wp-json\/wp\/v2\/comments?post=3"}],"version-history":[{"count":1,"href":"https:\/\/cubasmafe.com\/cat\/wp-json\/wp\/v2\/pages\/3\/revisions"}],"predecessor-version":[{"id":25,"href":"https:\/\/cubasmafe.com\/cat\/wp-json\/wp\/v2\/pages\/3\/revisions\/25"}],"wp:attachment":[{"href":"https:\/\/cubasmafe.com\/cat\/wp-json\/wp\/v2\/media?parent=3"}],"curies":[{"name":"wp","href":"https:\/\/api.w.org\/{rel}","templated":true}]}}