{"id":360,"date":"2024-11-12T20:41:07","date_gmt":"2024-11-12T19:41:07","guid":{"rendered":"https:\/\/cubasmafe.com\/contact\/"},"modified":"2026-03-20T13:00:22","modified_gmt":"2026-03-20T12:00:22","slug":"contacto-desatascos-mataro","status":"publish","type":"page","link":"https:\/\/cubasmafe.com\/cat\/contacte-desembussos-matar\/","title":{"rendered":"Contacte"},"content":{"rendered":"<div class=\"wp-block-uagb-container uagb-block-ddbe5c65 alignfull uagb-is-root-container\"><div class=\"uagb-container-inner-blocks-wrap\">\n<div class=\"wp-block-uagb-advanced-heading uagb-block-fa4e7c56\"><h1 class=\"uagb-heading-text\">Contacti amb Cubas Mafe \u2013 Desembussos a Matar\u00f3<\/h1><p class=\"uagb-desc-text\">Per a qualsevol consulta o sol\u00b7licitud de servei urgent, no dubteu a contactar-nos. A <strong>Cubes Mafe<\/strong>, estem disponibles les 24 hores per assistir a Matar\u00f3 i el Maresme.<\/p><\/div>\n<\/div><\/div>\n\n\n\n<div class=\"wp-block-uagb-container uagb-block-593b363d alignfull uagb-is-root-container\"><div class=\"uagb-container-inner-blocks-wrap\">\n<div class=\"wp-block-uagb-container uagb-block-959d29cc\">\n<div class=\"wp-block-uagb-info-box uagb-block-0f614b73 uagb-infobox__content-wrap  uagb-infobox-icon-above-title uagb-infobox-image-valign-top\"><div class=\"uagb-ifb-content\"><div class=\"uagb-ifb-title-wrap\"><h5 class=\"uagb-ifb-title-prefix\">La seva Soluci\u00f3 R\u00e0pida per a Desembussos i Manteniment<\/h5><h2 class=\"uagb-ifb-title\">Atenci\u00f3 Personalitzada i Servei Urgent<\/h2><\/div><p class=\"uagb-ifb-desc\">El nostre equip est\u00e0 preparat per respondre a les vostres necessitats de desembussament i manteniment de manera \u00e0gil i professional. Ja sigui per a una emerg\u00e8ncia o per sol\u00b7licitar un pressupost sense comprom\u00eds, estem aqu\u00ed per ajudar-lo.<\/p><\/div><\/div>\n<\/div>\n\n\n\n<div class=\"wp-block-uagb-container uagb-block-73adf101\">\n<div class=\"wp-block-uagb-advanced-heading uagb-block-715da796\"><h3 class=\"uagb-heading-text\">Envieu-nos un missatge<\/h3><\/div>\n\n\n\n<div class=\"wp-block-uagb-forms uagb-forms__outer-wrap uagb-block-6529de05 uagb-forms__medium-btn\"><form class=\"uagb-forms-main-form\" method=\"post\" autocomplete=\"on\" name=\"uagb-form-6529de05\" action=\"\">\n<div class=\"wp-block-uagb-forms-name uagb-forms-name-wrap uagb-forms-field-set uagb-block-4342cdcb uag-col-2\"><div class=\"uagb-forms-name-label required uagb-forms-input-label\" id=\"4342cdcb\">First Name<\/div><input type=\"text\" placeholder=\"Nom\" required class=\"uagb-forms-name-input uagb-forms-input\" name=\"4342cdcb\" autocomplete=\"given-name\"\/><\/div>\n\n\n\n<div class=\"wp-block-uagb-forms-name uagb-forms-name-wrap uagb-forms-field-set uagb-block-2490a031 uag-col-2\"><div class=\"uagb-forms-name-label required uagb-forms-input-label\" id=\"2490a031\">Last Name<\/div><input type=\"text\" placeholder=\"Cognom\" required class=\"uagb-forms-name-input uagb-forms-input\" name=\"2490a031\" autocomplete=\"family-name\"\/><\/div>\n\n\n\n<div class=\"wp-block-uagb-forms-email uagb-forms-email-wrap uagb-forms-field-set uagb-block-8956c58f\"><div class=\"uagb-forms-email-label required uagb-forms-input-label\" id=\"8956c58f\">Email<\/div><input type=\"email\" class=\"uagb-forms-email-input uagb-forms-input\" placeholder=\"Email\" required name=\"8956c58f\" autocomplete=\"email\"\/><\/div>\n\n\n\n<div class=\"wp-block-uagb-forms-textarea uagb-forms-textarea-wrap uagb-forms-field-set uagb-block-50c883be\"><div class=\"uagb-forms-textarea-label required uagb-forms-input-label\" id=\"50c883be\">Message<\/div><textarea required class=\"uagb-forms-textarea-input uagb-forms-input\" rows=\"4\" placeholder=\"Missatge\" name=\"50c883be\" autocomplete=\"off\"><\/textarea><\/div>\n\n\n\n<div class=\"wp-block-uagb-forms-accept uagb-forms-accept-wrap uagb-forms-field-set uagb-block-8cb58560\"><div class=\"uagb-forms-accept-privacy-link\"><a href=\"https:\/\/cubasmafe.com\/cat\/politica-privadesa\/\" target=\"_blank\" rel=\"noopener noreferrer\">Pol\u00edtica de privadesa<\/a><\/div><input type=\"checkbox\" name=\"8cb58560\" required value=\"Agree\" class=\"uagb-forms-checkbox\" id=\"uagb-forms-accept-8cb58560\"\/><label name=\"8cb58560\" for=\"uagb-forms-accept-8cb58560\" class=\"uagb-forms-accept-label required\" id=\"8cb58560\">He llegit i accepto la Pol\u00edtica de privadesa.<\/label><br\/><\/div>\n<div class=\"uagb-forms-form-hidden-data\"><input type=\"hidden\" id=\"g-recaptcha-response\" class=\"uagb-forms-recaptcha\"\/><input type=\"hidden\" class=\"uagb_forms_form_label\" value=\"Spectra Form\"\/><input type=\"hidden\" class=\"uagb_forms_form_id\" value=\"uagb-form-6529de05\"\/><\/div><div class=\"uagb-form-reacaptcha-error-6529de05\"><\/div><div class=\"uagb-forms-main-submit-button-wrap wp-block-button\"><button class=\"uagb-forms-main-submit-button wp-block-button__link\"><div class=\"uagb-forms-main-submit-button-text\">Enviar<\/div><\/button><\/div><input type=\"hidden\" name=\"trp-form-language\" value=\"cat\"\/><\/form><div class=\"uagb-forms-success-message-6529de05 uagb-forms-submit-message-hide\"><span>El missatge s&#039;ha enviat correctament!<\/span><\/div><div class=\"uagb-forms-failed-message-6529de05 uagb-forms-submit-message-hide\"><span>There has been some error while submitting the form. Si us plau, verify all form fields again.<\/span><\/div><\/div>\n<\/div>\n<\/div><\/div>\n\n\n\n<div class=\"wp-block-uagb-container uagb-block-3c795e40 alignfull uagb-is-root-container\"><div class=\"uagb-container-inner-blocks-wrap\">\n<div class=\"wp-block-uagb-image uagb-block-90ee0f2e wp-block-uagb-image--layout-default wp-block-uagb-image--effect-static wp-block-uagb-image--align-none\"><figure class=\"wp-block-uagb-image__figure\"><img decoding=\"async\" srcset=\"https:\/\/cubasmafe.com\/wp-content\/uploads\/2024\/11\/desatascos-urgentes-24h-mataro-above-footer.webp ,https:\/\/cubasmafe.com\/wp-content\/uploads\/2024\/11\/desatascos-urgentes-24h-mataro-above-footer.webp 780w, https:\/\/cubasmafe.com\/wp-content\/uploads\/2024\/11\/desatascos-urgentes-24h-mataro-above-footer.webp 360w\" sizes=\"auto, (max-width: 480px) 150px\" src=\"https:\/\/cubasmafe.com\/wp-content\/uploads\/2024\/11\/desatascos-urgentes-24h-mataro-above-footer.webp\" alt=\"\" class=\"uag-image-609\" width=\"600\" height=\"429\" title=\"desembussos urgents 24h mataro above footer\" loading=\"lazy\" role=\"img\"\/><\/figure><\/div>\n\n\n\n<div class=\"wp-block-uagb-info-box uagb-block-bd72b2fb uagb-infobox__content-wrap  uagb-infobox-icon-above-title uagb-infobox-image-valign-top\"><div class=\"uagb-ifb-content\"><div class=\"uagb-ifb-title-wrap\"><h2 class=\"uagb-ifb-title\">Emerg\u00e8ncies 24h per a Desembussos Urgents a Matar\u00f3<\/h2><\/div><div class=\"uagb-ifb-button-wrapper wp-block-button\"><a href=\"tel: 34689040123\" class=\"uagb-infobox-cta-link wp-block-button__link\" target=\"_self\" rel=\"noopener noreferrer\" onclick=\"return true;\"><svg xmlns=\"https:\/\/www.w3.org\/2000\/svg\" viewbox=\"0 0 512 512\"><path d=\"M284.6 181.9c-10.28-8.344-25.41-6.875-33.75 3.406C242.4 195.6 243.9 210.7 254.2 219.1c11.31 9.25 17.81 22.69 17.81 36.87c0 14.19-6.5 27.62-17.81 36.87c-10.28 8.406-11.78 23.53-3.375 33.78c4.719 5.812 11.62 8.812 18.56 8.812c5.344 0 10.75-1.781 15.19-5.406c22.53-18.44 35.44-45.4 35.44-74.05S307.1 200.4 284.6 181.9zM345.1 107.1c-10.22-8.344-25.34-6.907-33.78 3.343c-8.406 10.25-6.906 25.37 3.344 33.78c33.88 27.78 53.31 68.18 53.31 110.9s-19.44 83.09-53.31 110.9c-10.25 8.406-11.75 23.53-3.344 33.78c4.75 5.781 11.62 8.781 18.56 8.781c5.375 0 10.75-1.781 15.22-5.438C390.2 367.1 416 313.1 416 255.1S390.2 144.9 345.1 107.1zM406.4 33.15c-10.22-8.344-25.34-6.875-33.78 3.344c-8.406 10.25-6.906 25.37 3.344 33.78C431.9 116.1 464 183.8 464 255.1s-32.09 139.9-88.06 185.7c-10.25 8.406-11.75 23.53-3.344 33.78c4.75 5.781 11.62 8.781 18.56 8.781c5.375 0 10.75-1.781 15.22-5.438C473.5 423.8 512 342.6 512 255.1S473.5 88.15 406.4 33.15zM151.3 174.6C161.1 175.6 172.1 169.5 176 159.6l33.75-84.38C214 64.35 209.1 51.1 200.2 45.86l-67.47-42.17C123.2-2.289 110.9-.8945 102.9 7.08C-34.32 144.3-34.31 367.7 102.9 504.9c7.982 7.984 20.22 9.379 29.75 3.402l67.48-42.19c9.775-6.104 13.9-18.47 9.598-29.3L176 352.5c-3.945-9.963-14.14-16.11-24.73-14.97l-53.24 5.314C78.89 286.7 78.89 225.4 98.06 169.3L151.3 174.6z\"><\/path><\/svg><span class=\"uagb-inline-editing\">689 040 123<\/span><\/a><\/div><\/div><\/div>\n<\/div><\/div>","protected":false},"excerpt":{"rendered":"<p>Contacte con Cubas Mafe &#8211; Desatascos en Matar\u00f3 Para cualquier consulta o solicitud de servicio urgente, no dude en contactarnos. En Cubas Mafe, estamos disponibles las 24 horas para asistirle en Matar\u00f3 y el Maresme. Env\u00edenos un mensaje<\/p>","protected":false},"author":1,"featured_media":0,"parent":0,"menu_order":0,"comment_status":"closed","ping_status":"closed","template":"","meta":{"_uag_custom_page_level_css":"","site-sidebar-layout":"no-sidebar","site-content-layout":"plain-container","ast-site-content-layout":"normal-width-container","site-content-style":"unboxed","site-sidebar-style":"unboxed","ast-global-header-display":"","ast-banner-title-visibility":"","ast-main-header-display":"","ast-hfb-above-header-display":"","ast-hfb-below-header-display":"","ast-hfb-mobile-header-display":"","site-post-title":"disabled","ast-breadcrumbs-content":"","ast-featured-img":"","footer-sml-layout":"","ast-disable-related-posts":"","theme-transparent-header-meta":"default","adv-header-id-meta":"","stick-header-meta":"","header-above-stick-meta":"","header-main-stick-meta":"","header-below-stick-meta":"","astra-migrate-meta-layouts":"set","ast-page-background-enabled":"default","ast-page-background-meta":{"desktop":{"background-color":"var(--ast-global-color-4)","background-image":"","background-repeat":"repeat","background-position":"center center","background-size":"auto","background-attachment":"scroll","background-type":"","background-media":"","overlay-type":"","overlay-color":"","overlay-opacity":"","overlay-gradient":""},"tablet":{"background-color":"","background-image":"","background-repeat":"repeat","background-position":"center center","background-size":"auto","background-attachment":"scroll","background-type":"","background-media":"","overlay-type":"","overlay-color":"","overlay-opacity":"","overlay-gradient":""},"mobile":{"background-color":"","background-image":"","background-repeat":"repeat","background-position":"center center","background-size":"auto","background-attachment":"scroll","background-type":"","background-media":"","overlay-type":"","overlay-color":"","overlay-opacity":"","overlay-gradient":""}},"ast-content-background-meta":{"desktop":{"background-color":"var(--ast-global-color-5)","background-image":"","background-repeat":"repeat","background-position":"center center","background-size":"auto","background-attachment":"scroll","background-type":"","background-media":"","overlay-type":"","overlay-color":"","overlay-opacity":"","overlay-gradient":""},"tablet":{"background-color":"var(--ast-global-color-5)","background-image":"","background-repeat":"repeat","background-position":"center center","background-size":"auto","background-attachment":"scroll","background-type":"","background-media":"","overlay-type":"","overlay-color":"","overlay-opacity":"","overlay-gradient":""},"mobile":{"background-color":"var(--ast-global-color-5)","background-image":"","background-repeat":"repeat","background-position":"center center","background-size":"auto","background-attachment":"scroll","background-type":"","background-media":"","overlay-type":"","overlay-color":"","overlay-opacity":"","overlay-gradient":""}},"footnotes":""},"class_list":["post-360","page","type-page","status-publish","hentry"],"yoast_head":"<!-- This site is optimized with the Yoast SEO plugin v27.2 - https:\/\/yoast.com\/product\/yoast-seo-wordpress\/ -->\n<title>Contacto - Cubas MAFE<\/title>\n<meta name=\"robots\" content=\"index, follow, max-snippet:-1, max-image-preview:large, max-video-preview:-1\" \/>\n<link rel=\"canonical\" href=\"https:\/\/cubasmafe.com\/cat\/contacte-desembussos-matar\/\" \/>\n<meta property=\"og:locale\" content=\"ca_ES\" \/>\n<meta property=\"og:type\" content=\"article\" \/>\n<meta property=\"og:title\" content=\"Contacto - Cubas MAFE\" \/>\n<meta property=\"og:description\" content=\"Contacte con Cubas Mafe &#8211; Desatascos en Matar\u00f3 Para cualquier consulta o solicitud de servicio urgente, no dude en contactarnos. En Cubas Mafe, estamos disponibles las 24 horas para asistirle en Matar\u00f3 y el Maresme. Env\u00edenos un mensaje\" \/>\n<meta property=\"og:url\" content=\"https:\/\/cubasmafe.com\/cat\/contacte-desembussos-matar\/\" \/>\n<meta property=\"og:site_name\" content=\"Cubas MAFE\" \/>\n<meta property=\"article:modified_time\" content=\"2026-03-20T12:00:22+00:00\" \/>\n<meta name=\"twitter:card\" content=\"summary_large_image\" \/>\n<meta name=\"twitter:label1\" content=\"Temps estimat de lectura\" \/>\n\t<meta name=\"twitter:data1\" content=\"1 minut\" \/>\n<script type=\"application\/ld+json\" class=\"yoast-schema-graph\">{\"@context\":\"https:\/\/schema.org\",\"@graph\":[{\"@type\":\"WebPage\",\"@id\":\"https:\/\/cubasmafe.com\/contacto-desatascos-mataro\/\",\"url\":\"https:\/\/cubasmafe.com\/contacto-desatascos-mataro\/\",\"name\":\"Contacto - Cubas MAFE\",\"isPartOf\":{\"@id\":\"https:\/\/cubasmafe.com\/#website\"},\"datePublished\":\"2024-11-12T19:41:07+00:00\",\"dateModified\":\"2026-03-20T12:00:22+00:00\",\"breadcrumb\":{\"@id\":\"https:\/\/cubasmafe.com\/contacto-desatascos-mataro\/#breadcrumb\"},\"inLanguage\":\"ca\",\"potentialAction\":[{\"@type\":\"ReadAction\",\"target\":[\"https:\/\/cubasmafe.com\/contacto-desatascos-mataro\/\"]}]},{\"@type\":\"BreadcrumbList\",\"@id\":\"https:\/\/cubasmafe.com\/contacto-desatascos-mataro\/#breadcrumb\",\"itemListElement\":[{\"@type\":\"ListItem\",\"position\":1,\"name\":\"Portada\",\"item\":\"https:\/\/cubasmafe.com\/\"},{\"@type\":\"ListItem\",\"position\":2,\"name\":\"Contacto\"}]},{\"@type\":\"WebSite\",\"@id\":\"https:\/\/cubasmafe.com\/#website\",\"url\":\"https:\/\/cubasmafe.com\/\",\"name\":\"Cubas MAFE desatascos en Matar\u00f3\",\"description\":\"Desatascos en Matar\u00f3 | Mantenimientos | Inspecci\u00f3n tuber\u00edas\",\"publisher\":{\"@id\":\"https:\/\/cubasmafe.com\/#organization\"},\"potentialAction\":[{\"@type\":\"SearchAction\",\"target\":{\"@type\":\"EntryPoint\",\"urlTemplate\":\"https:\/\/cubasmafe.com\/?s={search_term_string}\"},\"query-input\":{\"@type\":\"PropertyValueSpecification\",\"valueRequired\":true,\"valueName\":\"search_term_string\"}}],\"inLanguage\":\"ca\"},{\"@type\":\"Organization\",\"@id\":\"https:\/\/cubasmafe.com\/#organization\",\"name\":\"Cubas MAFE\",\"url\":\"https:\/\/cubasmafe.com\/\",\"logo\":{\"@type\":\"ImageObject\",\"inLanguage\":\"ca\",\"@id\":\"https:\/\/cubasmafe.com\/#\/schema\/logo\/image\/\",\"url\":\"https:\/\/cubasmafe.com\/wp-content\/uploads\/2024\/11\/Cubas-Mafe-Logo.png\",\"contentUrl\":\"https:\/\/cubasmafe.com\/wp-content\/uploads\/2024\/11\/Cubas-Mafe-Logo.png\",\"width\":820,\"height\":500,\"caption\":\"Cubas MAFE\"},\"image\":{\"@id\":\"https:\/\/cubasmafe.com\/#\/schema\/logo\/image\/\"}}]}<\/script>\n<!-- \/ Yoast SEO plugin. -->","yoast_head_json":{"title":"Contacto - Cubas MAFE","robots":{"index":"index","follow":"follow","max-snippet":"max-snippet:-1","max-image-preview":"max-image-preview:large","max-video-preview":"max-video-preview:-1"},"canonical":"https:\/\/cubasmafe.com\/cat\/contacte-desembussos-matar\/","og_locale":"ca_ES","og_type":"article","og_title":"Contacto - Cubas MAFE","og_description":"Contacte con Cubas Mafe &#8211; Desatascos en Matar\u00f3 Para cualquier consulta o solicitud de servicio urgente, no dude en contactarnos. En Cubas Mafe, estamos disponibles las 24 horas para asistirle en Matar\u00f3 y el Maresme. Env\u00edenos un mensaje","og_url":"https:\/\/cubasmafe.com\/cat\/contacte-desembussos-matar\/","og_site_name":"Cubas MAFE","article_modified_time":"2026-03-20T12:00:22+00:00","twitter_card":"summary_large_image","twitter_misc":{"Temps estimat de lectura":"1 minut"},"schema":{"@context":"https:\/\/schema.org","@graph":[{"@type":"WebPage","@id":"https:\/\/cubasmafe.com\/contacto-desatascos-mataro\/","url":"https:\/\/cubasmafe.com\/contacto-desatascos-mataro\/","name":"Contacto - Cubas MAFE","isPartOf":{"@id":"https:\/\/cubasmafe.com\/#website"},"datePublished":"2024-11-12T19:41:07+00:00","dateModified":"2026-03-20T12:00:22+00:00","breadcrumb":{"@id":"https:\/\/cubasmafe.com\/contacto-desatascos-mataro\/#breadcrumb"},"inLanguage":"ca","potentialAction":[{"@type":"ReadAction","target":["https:\/\/cubasmafe.com\/contacto-desatascos-mataro\/"]}]},{"@type":"BreadcrumbList","@id":"https:\/\/cubasmafe.com\/contacto-desatascos-mataro\/#breadcrumb","itemListElement":[{"@type":"ListItem","position":1,"name":"Portada","item":"https:\/\/cubasmafe.com\/"},{"@type":"ListItem","position":2,"name":"Contacto"}]},{"@type":"WebSite","@id":"https:\/\/cubasmafe.com\/#website","url":"https:\/\/cubasmafe.com\/","name":"Cubas MAFE desatascos en Matar\u00f3","description":"Desatascos en Matar\u00f3 | Mantenimientos | Inspecci\u00f3n tuber\u00edas","publisher":{"@id":"https:\/\/cubasmafe.com\/#organization"},"potentialAction":[{"@type":"SearchAction","target":{"@type":"EntryPoint","urlTemplate":"https:\/\/cubasmafe.com\/?s={search_term_string}"},"query-input":{"@type":"PropertyValueSpecification","valueRequired":true,"valueName":"search_term_string"}}],"inLanguage":"ca"},{"@type":"Organization","@id":"https:\/\/cubasmafe.com\/#organization","name":"Cubas MAFE","url":"https:\/\/cubasmafe.com\/","logo":{"@type":"ImageObject","inLanguage":"ca","@id":"https:\/\/cubasmafe.com\/#\/schema\/logo\/image\/","url":"https:\/\/cubasmafe.com\/wp-content\/uploads\/2024\/11\/Cubas-Mafe-Logo.png","contentUrl":"https:\/\/cubasmafe.com\/wp-content\/uploads\/2024\/11\/Cubas-Mafe-Logo.png","width":820,"height":500,"caption":"Cubas MAFE"},"image":{"@id":"https:\/\/cubasmafe.com\/#\/schema\/logo\/image\/"}}]}},"uagb_featured_image_src":{"full":false,"thumbnail":false,"medium":false,"medium_large":false,"large":false,"1536x1536":false,"2048x2048":false,"trp-custom-language-flag":false},"uagb_author_info":{"display_name":"domingo","author_link":"https:\/\/cubasmafe.com\/cat\/author\/domingo\/"},"uagb_comment_info":0,"uagb_excerpt":"Contacte con Cubas Mafe &#8211; Desatascos en Matar\u00f3 Para cualquier consulta o solicitud de servicio urgente, no dude en contactarnos. En Cubas Mafe, estamos disponibles las 24 horas para asistirle en Matar\u00f3 y el Maresme. Env\u00edenos un mensaje","_links":{"self":[{"href":"https:\/\/cubasmafe.com\/cat\/wp-json\/wp\/v2\/pages\/360","targetHints":{"allow":["GET"]}}],"collection":[{"href":"https:\/\/cubasmafe.com\/cat\/wp-json\/wp\/v2\/pages"}],"about":[{"href":"https:\/\/cubasmafe.com\/cat\/wp-json\/wp\/v2\/types\/page"}],"author":[{"embeddable":true,"href":"https:\/\/cubasmafe.com\/cat\/wp-json\/wp\/v2\/users\/1"}],"replies":[{"embeddable":true,"href":"https:\/\/cubasmafe.com\/cat\/wp-json\/wp\/v2\/comments?post=360"}],"version-history":[{"count":7,"href":"https:\/\/cubasmafe.com\/cat\/wp-json\/wp\/v2\/pages\/360\/revisions"}],"predecessor-version":[{"id":683,"href":"https:\/\/cubasmafe.com\/cat\/wp-json\/wp\/v2\/pages\/360\/revisions\/683"}],"wp:attachment":[{"href":"https:\/\/cubasmafe.com\/cat\/wp-json\/wp\/v2\/media?parent=360"}],"curies":[{"name":"wp","href":"https:\/\/api.w.org\/{rel}","templated":true}]}}